{"id":15,"date":"2021-05-07T12:43:22","date_gmt":"2021-05-07T10:43:22","guid":{"rendered":"http:\/\/pleineconscience.brussels\/?page_id=15"},"modified":"2021-06-05T12:18:05","modified_gmt":"2021-06-05T10:18:05","slug":"bienvenue","status":"publish","type":"page","link":"https:\/\/pleineconscience.brussels\/","title":{"rendered":"Bienvenue"},"content":{"rendered":"<p>[et_pb_section fb_built=&#8221;1&#8243; _builder_version=&#8221;4.9.4&#8243; _module_preset=&#8221;default&#8221;][et_pb_row _builder_version=&#8221;4.9.4&#8243; _module_preset=&#8221;default&#8221;][et_pb_column type=&#8221;4_4&#8243; _builder_version=&#8221;4.9.4&#8243; _module_preset=&#8221;default&#8221;][et_pb_slider _builder_version=&#8221;4.9.4&#8243; _module_preset=&#8221;default&#8221; custom_button=&#8221;on&#8221; button_text_color=&#8221;#e8c9fa&#8221; button_font=&#8221;Montserrat||||||||&#8221; button_use_icon=&#8221;off&#8221;][et_pb_slide heading=&#8221;Made in Mind&#8221; button_text=&#8221;Articles&#8221; button_link=&#8221;http:\/\/pleineconscience.brussels\/index.php\/articles\/&#8221; image=&#8221;http:\/\/pleineconscience.brussels\/wp-content\/uploads\/2021\/05\/183524548_2262162237250606_1982031953906018282_n-scaled.jpg&#8221; _builder_version=&#8221;4.9.4&#8243; _module_preset=&#8221;default&#8221; header_text_color=&#8221;#e8c9fa&#8221; body_text_color=&#8221;#e8c9fa&#8221; background_color=&#8221;#964373&#8243; background_enable_color=&#8221;on&#8221; sticky_transition=&#8221;on&#8221;]<\/p>\n<p>Je suis Louise, stagiaire en com chez Emergences, et je vous invite \u00e0 embarquer avec moi pendant quelques semaines pour vous partager mon exp\u00e9rience !<\/p>\n<p>[\/et_pb_slide][et_pb_slide heading=&#8221;Qui sommes-nous ?&#8221; button_text=&#8221;A propos&#8221; button_link=&#8221;http:\/\/pleineconscience.brussels\/index.php\/a-propos\/&#8221; image=&#8221;http:\/\/pleineconscience.brussels\/wp-content\/uploads\/2021\/05\/Blog.png&#8221; arrows_custom_color=&#8221;#e8c9fa&#8221; _builder_version=&#8221;4.9.4&#8243; _module_preset=&#8221;default&#8221; header_text_color=&#8221;#e8c9fa&#8221; header_font_size=&#8221;34px&#8221; body_font=&#8221;Montserrat||||||||&#8221; body_text_color=&#8221;#e8c9fa&#8221; background_color=&#8221;#964373&#8243; background_enable_color=&#8221;on&#8221; custom_button=&#8221;on&#8221; button_text_color=&#8221;#e8c9fa&#8221; button_use_icon=&#8221;on&#8221; button_icon=&#8221;%%24%%&#8221; button_icon_color=&#8221;#e8c9fa&#8221; box_shadow_style_image=&#8221;preset1&#8243; sticky_transition=&#8221;on&#8221;]<\/p>\n<p>L&#8217;association Emergences s&#8217;inspire de l&#8217;adage attribu\u00e9 \u00e0 Gandhi \u201cBe the change that you wish to see in the world\u201d. Elle a pour objectif de contribuer \u00e0 l&#8217;\u00e9mergence d&#8217;une soci\u00e9t\u00e9 plus juste : consciente, altruiste, chaleureuse et solidaire.<\/p>\n<p>[\/et_pb_slide][et_pb_slide heading=&#8221;Envie de me laisser plus qu&#8217;un commentaire ? &#8221; button_text=&#8221;Contact&#8221; button_link=&#8221;http:\/\/pleineconscience.brussels\/index.php\/contact\/&#8221; _builder_version=&#8221;4.9.4&#8243; _module_preset=&#8221;default&#8221; background_color=&#8221;#FF8F7C&#8221; background_enable_color=&#8221;on&#8221; sticky_transition=&#8221;on&#8221;]<\/p>\n<p>C&#8217;est par ici !<\/p>\n<p>[\/et_pb_slide][\/et_pb_slider][\/et_pb_column][\/et_pb_row][\/et_pb_section][et_pb_section fb_built=&#8221;1&#8243; _builder_version=&#8221;4.9.4&#8243; _module_preset=&#8221;default&#8221;][et_pb_row column_structure=&#8221;2_5,3_5&#8243; _builder_version=&#8221;4.9.4&#8243; _module_preset=&#8221;default&#8221;][et_pb_column type=&#8221;2_5&#8243; _builder_version=&#8221;4.9.4&#8243; _module_preset=&#8221;default&#8221;][et_pb_image src=&#8221;http:\/\/pleineconscience.brussels\/wp-content\/uploads\/2021\/05\/Made-in-Mind-9.png&#8221; title_text=&#8221;Made in Mind (9)&#8221; _builder_version=&#8221;4.9.4&#8243; _module_preset=&#8221;default&#8221; width=&#8221;80%&#8221;][\/et_pb_image][\/et_pb_column][et_pb_column type=&#8221;3_5&#8243; _builder_version=&#8221;4.9.4&#8243; _module_preset=&#8221;default&#8221;][et_pb_text _builder_version=&#8221;4.9.4&#8243; _module_preset=&#8221;default&#8221; text_text_color=&#8221;#964373&#8243;]<\/p>\n<p><strong><\/strong><\/p>\n<p><strong><\/strong><\/p>\n<p><strong><\/strong><\/p>\n<p><strong><\/strong><\/p>\n<p><strong>Made in Mind c\u2019est mon voyage au sein du cycle \u00ab MBSR, Mindful-Based Stress Reduction \u00bb de 8 semaines.<\/strong><\/p>\n<p><strong><!-- \/divi:paragraph --> <!-- divi:paragraph --><\/strong><\/p>\n<p><strong>Je suis Louise, stagiaire en com chez Emergences, et je vous invite \u00e0 embarquer avec moi pendant quelques semaines pour vous partager mon exp\u00e9rience !<\/strong><\/p>\n<p>[\/et_pb_text][\/et_pb_column][\/et_pb_row][\/et_pb_section][et_pb_section fb_built=&#8221;1&#8243; _builder_version=&#8221;4.9.4&#8243; _module_preset=&#8221;default&#8221;][et_pb_row column_structure=&#8221;1_2,1_2&#8243; _builder_version=&#8221;4.9.4&#8243; _module_preset=&#8221;default&#8221;][et_pb_column type=&#8221;1_2&#8243; _builder_version=&#8221;4.9.4&#8243; _module_preset=&#8221;default&#8221;][et_pb_image src=&#8221;http:\/\/pleineconscience.brussels\/wp-content\/uploads\/2021\/05\/164241806_184209066642108_6103366431366634937_n-scaled.jpg&#8221; title_text=&#8221;164241806_184209066642108_6103366431366634937_n&#8221; _builder_version=&#8221;4.9.4&#8243; _module_preset=&#8221;default&#8221;][\/et_pb_image][et_pb_text _builder_version=&#8221;4.9.4&#8243; _module_preset=&#8221;default&#8221; hover_enabled=&#8221;0&#8243; sticky_enabled=&#8221;0&#8243;]<\/p>\n<p style=\"text-align: center;\">Photo prise par : Mathis\u00a0<\/p>\n<p style=\"text-align: center;\">Instagram : @math_busta8<\/p>\n<p>[\/et_pb_text][\/et_pb_column][et_pb_column type=&#8221;1_2&#8243; _builder_version=&#8221;4.9.4&#8243; _module_preset=&#8221;default&#8221;][et_pb_text _builder_version=&#8221;4.9.4&#8243; _module_preset=&#8221;default&#8221; text_font=&#8221;Montserrat||||||||&#8221; text_text_color=&#8221;#000000&#8243; text_font_size=&#8221;17px&#8221; header_font=&#8221;Montserrat Alternates||||||||&#8221; header_text_align=&#8221;left&#8221; background_color=&#8221;#FFFFFF&#8221;]<\/p>\n<p><!-- divi:paragraph --><\/p>\n<p><strong>Je ne suis qu&#8217;une fille, parmi ce monde f\u00e9brile,<\/strong><\/p>\n<p><strong><!-- \/divi:paragraph --> <!-- divi:paragraph --><\/strong><\/p>\n<p><strong>entre la force et l&#8217;ennui, je me dessine une vie divine.<\/strong><\/p>\n<p><strong><!-- \/divi:paragraph --> <!-- divi:paragraph --><\/strong><\/p>\n<p><strong>J&#8217;ai un million de passions, je rame \u00e0 chaque pont,<\/strong><\/p>\n<p><strong><!-- \/divi:paragraph --> <!-- divi:paragraph --><\/strong><\/p>\n<p><strong>je n&#8217;existe sans ce qu&#8217;ils font, je me devine parmi les signes.<\/strong><\/p>\n<p><strong><\/strong><\/p>\n<p><strong>Je suis un brin de vie, qui parcourt les d\u00e9bris,<\/strong><\/p>\n<p><strong><\/strong><\/p>\n<p><strong>d&#8217;un pass\u00e9 atlantique, parmi lesquels je d\u00e9cortique.<\/strong><\/p>\n<p><strong><\/strong><\/p>\n<p><strong>Entre le yin et le yang, je pousse comme une fleur,<\/strong><strong><\/strong><\/p>\n<p><strong><!-- \/divi:paragraph --> <!-- divi:paragraph --><\/strong><\/p>\n<p><strong>par la force du boomerang, je me retrouve face \u00e0 mes peurs.<\/strong><\/p>\n<p><!-- \/divi:paragraph --><\/p>\n<p>[\/et_pb_text][\/et_pb_column][\/et_pb_row][et_pb_row _builder_version=&#8221;4.9.4&#8243; _module_preset=&#8221;default&#8221;][et_pb_column type=&#8221;4_4&#8243; _builder_version=&#8221;4.9.4&#8243; _module_preset=&#8221;default&#8221;][et_pb_text _builder_version=&#8221;4.9.4&#8243; _module_preset=&#8221;default&#8221; text_text_color=&#8221;#FF8F7C&#8221;]<\/p>\n<ul>\n<li>21 ans<\/li>\n<li>Etudiante en communication<\/li>\n<li>Sport<\/li>\n<li>Guitare et chant<\/li>\n<li>D\u00e9veloppement personnel<\/li>\n<li>Scout<\/li>\n<li>Stagiaire chez Emergences<\/li>\n<li>&#8220;Le fabuleux destin d&#8217;Amelie Poulain&#8221;<\/li>\n<li>Amoureuse de l&#8217;Asie<\/li>\n<\/ul>\n<p>[\/et_pb_text][\/et_pb_column][\/et_pb_row][et_pb_row _builder_version=&#8221;4.9.4&#8243; _module_preset=&#8221;default&#8221;][et_pb_column type=&#8221;4_4&#8243; _builder_version=&#8221;4.9.4&#8243; _module_preset=&#8221;default&#8221;][et_pb_text _builder_version=&#8221;4.9.4&#8243; _module_preset=&#8221;default&#8221; text_text_color=&#8221;#705089&#8243; text_font_size=&#8221;20px&#8221;]<\/p>\n<p>Tu peux m&#8217;appeler Louise.<\/p>\n<p>[\/et_pb_text][\/et_pb_column][\/et_pb_row][et_pb_row _builder_version=&#8221;4.9.4&#8243; _module_preset=&#8221;default&#8221;][et_pb_column type=&#8221;4_4&#8243; _builder_version=&#8221;4.9.4&#8243; _module_preset=&#8221;default&#8221;][et_pb_text _builder_version=&#8221;4.9.4&#8243; _module_preset=&#8221;default&#8221; text_text_color=&#8221;#FF8F7C&#8221; text_font_size=&#8221;28px&#8221;]<\/p>\n<blockquote>\n<p>&#8220;Be happy with what you have, while working for what you want&#8221;<\/p>\n<p>&nbsp;<\/p>\n<p>&#8211; Helen Keller<\/p>\n<\/blockquote>\n<p>[\/et_pb_text][\/et_pb_column][\/et_pb_row][\/et_pb_section]<\/p>\n","protected":false},"excerpt":{"rendered":"<p>[et_pb_section fb_built=&#8221;1&#8243; _builder_version=&#8221;4.9.4&#8243; _module_preset=&#8221;default&#8221;][et_pb_row _builder_version=&#8221;4.9.4&#8243; _module_preset=&#8221;default&#8221;][et_pb_column type=&#8221;4_4&#8243; _builder_version=&#8221;4.9.4&#8243; _module_preset=&#8221;default&#8221;][et_pb_slider _builder_version=&#8221;4.9.4&#8243; _module_preset=&#8221;default&#8221; custom_button=&#8221;on&#8221; button_text_color=&#8221;#e8c9fa&#8221; button_font=&#8221;Montserrat||||||||&#8221; button_use_icon=&#8221;off&#8221;][et_pb_slide heading=&#8221;Made in Mind&#8221; button_text=&#8221;Articles&#8221; button_link=&#8221;http:\/\/pleineconscience.brussels\/index.php\/articles\/&#8221; image=&#8221;http:\/\/pleineconscience.brussels\/wp-content\/uploads\/2021\/05\/183524548_2262162237250606_1982031953906018282_n-scaled.jpg&#8221; _builder_version=&#8221;4.9.4&#8243; _module_preset=&#8221;default&#8221; header_text_color=&#8221;#e8c9fa&#8221; body_text_color=&#8221;#e8c9fa&#8221; background_color=&#8221;#964373&#8243; background_enable_color=&#8221;on&#8221; sticky_transition=&#8221;on&#8221;] Je suis Louise, stagiaire en com chez Emergences, et je vous invite \u00e0 embarquer avec moi pendant quelques semaines pour vous partager mon exp\u00e9rience ! [\/et_pb_slide][et_pb_slide heading=&#8221;Qui [&hellip;]<\/p>\n","protected":false},"author":1,"featured_media":0,"parent":0,"menu_order":0,"comment_status":"closed","ping_status":"closed","template":"","meta":{"_et_pb_use_builder":"on","_et_pb_old_content":"","_et_gb_content_width":""},"_links":{"self":[{"href":"https:\/\/pleineconscience.brussels\/index.php\/wp-json\/wp\/v2\/pages\/15"}],"collection":[{"href":"https:\/\/pleineconscience.brussels\/index.php\/wp-json\/wp\/v2\/pages"}],"about":[{"href":"https:\/\/pleineconscience.brussels\/index.php\/wp-json\/wp\/v2\/types\/page"}],"author":[{"embeddable":true,"href":"https:\/\/pleineconscience.brussels\/index.php\/wp-json\/wp\/v2\/users\/1"}],"replies":[{"embeddable":true,"href":"https:\/\/pleineconscience.brussels\/index.php\/wp-json\/wp\/v2\/comments?post=15"}],"version-history":[{"count":19,"href":"https:\/\/pleineconscience.brussels\/index.php\/wp-json\/wp\/v2\/pages\/15\/revisions"}],"predecessor-version":[{"id":237,"href":"https:\/\/pleineconscience.brussels\/index.php\/wp-json\/wp\/v2\/pages\/15\/revisions\/237"}],"wp:attachment":[{"href":"https:\/\/pleineconscience.brussels\/index.php\/wp-json\/wp\/v2\/media?parent=15"}],"curies":[{"name":"wp","href":"https:\/\/api.w.org\/{rel}","templated":true}]}}