{"id":29,"date":"2021-05-07T12:43:02","date_gmt":"2021-05-07T10:43:02","guid":{"rendered":"http:\/\/pleineconscience.brussels\/?page_id=29"},"modified":"2021-05-07T15:20:25","modified_gmt":"2021-05-07T13:20:25","slug":"a-propos","status":"publish","type":"page","link":"https:\/\/pleineconscience.brussels\/index.php\/a-propos\/","title":{"rendered":"A propos"},"content":{"rendered":"<p>[et_pb_section fb_built=&#8221;1&#8243; _builder_version=&#8221;4.9.4&#8243; _module_preset=&#8221;default&#8221;][et_pb_row column_structure=&#8221;1_2,1_2&#8243; _builder_version=&#8221;4.9.4&#8243; _module_preset=&#8221;default&#8221;][et_pb_column type=&#8221;1_2&#8243; _builder_version=&#8221;4.9.4&#8243; _module_preset=&#8221;default&#8221;][et_pb_image src=&#8221;http:\/\/pleineconscience.brussels\/wp-content\/uploads\/2021\/05\/Be-the-change-you-want-to-see-in-the-world.png&#8221; title_text=&#8221;Be the change you want to see in the world&#8221; _builder_version=&#8221;4.9.4&#8243; _module_preset=&#8221;default&#8221; width=&#8221;81%&#8221;][\/et_pb_image][\/et_pb_column][et_pb_column type=&#8221;1_2&#8243; _builder_version=&#8221;4.9.4&#8243; _module_preset=&#8221;default&#8221;][et_pb_text _builder_version=&#8221;4.9.4&#8243; _module_preset=&#8221;default&#8221; text_font=&#8221;Montserrat||||||||&#8221; text_text_color=&#8221;#964373&#8243;]<\/p>\n<p><!-- divi:paragraph --><\/p>\n<p>L&#8217;association Emergences s&#8217;inspire de l&#8217;adage attribu\u00e9 \u00e0 Gandhi \u201cBe the change that you wish to see in the world\u201d. Elle a pour objectif de contribuer \u00e0 l&#8217;\u00e9mergence d&#8217;une soci\u00e9t\u00e9 plus juste : consciente, altruiste, chaleureuse et solidaire. Ses actions se situent au croisement des domaines de la connaissance de soi (m\u00e9ditation de pleine conscience, gestion des \u00e9motions). et de l&#8217;engagement citoyen et \u00e9cologique. L&#8217;association propose ses activit\u00e9s au grand public (particuliers et collectivit\u00e9s). Elle s&#8217;adresse aussi \u00e0 des populations plus vuln\u00e9rables (milieu carc\u00e9ral,..) L&#8217;association d\u00e9veloppe aussi des programmes cibl\u00e9s pour les soignant\u00b7e\u00b7s et les professionnel\u00b7l\u00b7es de la relation d&#8217;aide.<\/p>\n<p><!-- \/divi:paragraph --> <!-- divi:paragraph --><\/p>\n<p>&nbsp;<\/p>\n<p><!-- \/divi:paragraph --><\/p>\n<p>[\/et_pb_text][\/et_pb_column][\/et_pb_row][et_pb_row column_structure=&#8221;1_2,1_2&#8243; _builder_version=&#8221;4.9.4&#8243; _module_preset=&#8221;default&#8221;][et_pb_column type=&#8221;1_2&#8243; _builder_version=&#8221;4.9.4&#8243; _module_preset=&#8221;default&#8221;][et_pb_text _builder_version=&#8221;4.9.4&#8243; _module_preset=&#8221;default&#8221; text_font=&#8221;Montserrat||||||||&#8221; text_text_color=&#8221;#964373&#8243;]<\/p>\n<p>Depuis 2009, elle dispense des cours, ateliers et conf\u00e9rences dont les Journ\u00e9es Emergences, organis\u00e9es depuis 2009 chaque ann\u00e9e, sont un des &#8216;\u00e9v\u00e9nements les plus importants du domaine pour le public francophone. L&#8217;action d&#8217;Emergences passe aussi par la production de contenus : 4 livres ont \u00e9t\u00e9 publi\u00e9s et ont inspir\u00e9 de nombreuses lectrices et lecteurs. La cha\u00eene Youtube et les diff\u00e9rents m\u00e9dias sociaux de l&#8217;association regorgent de contenus en libre acc\u00e8s. A titre d&#8217;exemple, depuis le premier confinement, elle a propos\u00e9 pr\u00e8s de 70 conf\u00e9rences en ligne en direct libres d&#8217;acc\u00e8s ainsi que des s\u00e9ances de m\u00e9ditation plusieurs fois par jour. L&#8217;association s&#8217;engage au sein de la Coalition Climat dont elle est membre depuis 2019 et a organis\u00e9 des cours de m\u00e9ditation pour les d\u00e9put\u00e9\u00b7e\u00b7s du Parlement Wallonie-Bruxelles. Emergences est aussi active dans le lien entre art et connaissance de soi : deux sentiers m\u00e9ditatifs ont \u00e9t\u00e9 cr\u00e9\u00e9s , l&#8217;un au coeur de l&#8217;Abbaye de Villers la Ville et l&#8217;autre \u00e0 Rochefort.<\/p>\n<p>[\/et_pb_text][\/et_pb_column][et_pb_column type=&#8221;1_2&#8243; _builder_version=&#8221;4.9.4&#8243; _module_preset=&#8221;default&#8221;][et_pb_image src=&#8221;http:\/\/pleineconscience.brussels\/wp-content\/uploads\/2021\/05\/Blog-2.png&#8221; title_text=&#8221;Blog (2)&#8221; _builder_version=&#8221;4.9.4&#8243; _module_preset=&#8221;default&#8221;][\/et_pb_image][\/et_pb_column][\/et_pb_row][\/et_pb_section][et_pb_section fb_built=&#8221;1&#8243; _builder_version=&#8221;4.9.4&#8243; _module_preset=&#8221;default&#8221;][et_pb_row _builder_version=&#8221;4.9.4&#8243; _module_preset=&#8221;default&#8221; column_structure=&#8221;1_2,1_2&#8243;][et_pb_column _builder_version=&#8221;4.9.4&#8243; _module_preset=&#8221;default&#8221; type=&#8221;1_2&#8243;][et_pb_social_media_follow _builder_version=&#8221;4.9.4&#8243; _module_preset=&#8221;default&#8221; hover_enabled=&#8221;0&#8243; sticky_enabled=&#8221;0&#8243;][et_pb_social_media_follow_network social_network=&#8221;facebook&#8221; background_color=&#8221;#3b5998&#8243; _builder_version=&#8221;4.9.4&#8243; _module_preset=&#8221;default&#8221; follow_button=&#8221;off&#8221; url_new_window=&#8221;on&#8221; url=&#8221;https:\/\/www.facebook.com\/emergences\/&#8221; hover_enabled=&#8221;0&#8243; sticky_enabled=&#8221;0&#8243;]facebook[\/et_pb_social_media_follow_network][et_pb_social_media_follow_network social_network=&#8221;instagram&#8221; background_color=&#8221;#ea2c59&#8243; _builder_version=&#8221;4.9.4&#8243; _module_preset=&#8221;default&#8221; follow_button=&#8221;off&#8221; url_new_window=&#8221;on&#8221; hover_enabled=&#8221;0&#8243; sticky_enabled=&#8221;0&#8243; url=&#8221;https:\/\/www.instagram.com\/emergences_mindfulness\/?hl=fr&#8221;]instagram[\/et_pb_social_media_follow_network][et_pb_social_media_follow_network social_network=&#8221;youtube&#8221; background_color=&#8221;#a82400&#8243; _builder_version=&#8221;4.9.4&#8243; _module_preset=&#8221;default&#8221; follow_button=&#8221;off&#8221; url_new_window=&#8221;on&#8221; hover_enabled=&#8221;0&#8243; sticky_enabled=&#8221;0&#8243; url=&#8221;https:\/\/www.youtube.com\/channel\/UCLSI33uIHijn5mcBSvLkJhQ&#8221;]youtube[\/et_pb_social_media_follow_network][\/et_pb_social_media_follow][\/et_pb_column][et_pb_column _builder_version=&#8221;4.9.4&#8243; _module_preset=&#8221;default&#8221; type=&#8221;1_2&#8243;][et_pb_text _builder_version=&#8221;4.9.4&#8243; _module_preset=&#8221;default&#8221; hover_enabled=&#8221;0&#8243; sticky_enabled=&#8221;0&#8243;]<\/p>\n<p>Le site internet d&#8217;Emergences <a href=\"https:\/\/www.emergences.org\/\">ICI<\/a><\/p>\n<p>[\/et_pb_text][\/et_pb_column][\/et_pb_row][\/et_pb_section]<\/p>\n","protected":false},"excerpt":{"rendered":"<p>[et_pb_section fb_built=&#8221;1&#8243; _builder_version=&#8221;4.9.4&#8243; _module_preset=&#8221;default&#8221;][et_pb_row column_structure=&#8221;1_2,1_2&#8243; _builder_version=&#8221;4.9.4&#8243; _module_preset=&#8221;default&#8221;][et_pb_column type=&#8221;1_2&#8243; _builder_version=&#8221;4.9.4&#8243; _module_preset=&#8221;default&#8221;][et_pb_image src=&#8221;http:\/\/pleineconscience.brussels\/wp-content\/uploads\/2021\/05\/Be-the-change-you-want-to-see-in-the-world.png&#8221; title_text=&#8221;Be the change you want to see in the world&#8221; _builder_version=&#8221;4.9.4&#8243; _module_preset=&#8221;default&#8221; width=&#8221;81%&#8221;][\/et_pb_image][\/et_pb_column][et_pb_column type=&#8221;1_2&#8243; _builder_version=&#8221;4.9.4&#8243; _module_preset=&#8221;default&#8221;][et_pb_text _builder_version=&#8221;4.9.4&#8243; _module_preset=&#8221;default&#8221; text_font=&#8221;Montserrat||||||||&#8221; text_text_color=&#8221;#964373&#8243;] L&#8217;association Emergences s&#8217;inspire de l&#8217;adage attribu\u00e9 \u00e0 Gandhi \u201cBe the change that you wish to see in the world\u201d. Elle a pour objectif de [&hellip;]<\/p>\n","protected":false},"author":1,"featured_media":0,"parent":0,"menu_order":0,"comment_status":"closed","ping_status":"closed","template":"","meta":{"_et_pb_use_builder":"on","_et_pb_old_content":"","_et_gb_content_width":""},"_links":{"self":[{"href":"https:\/\/pleineconscience.brussels\/index.php\/wp-json\/wp\/v2\/pages\/29"}],"collection":[{"href":"https:\/\/pleineconscience.brussels\/index.php\/wp-json\/wp\/v2\/pages"}],"about":[{"href":"https:\/\/pleineconscience.brussels\/index.php\/wp-json\/wp\/v2\/types\/page"}],"author":[{"embeddable":true,"href":"https:\/\/pleineconscience.brussels\/index.php\/wp-json\/wp\/v2\/users\/1"}],"replies":[{"embeddable":true,"href":"https:\/\/pleineconscience.brussels\/index.php\/wp-json\/wp\/v2\/comments?post=29"}],"version-history":[{"count":5,"href":"https:\/\/pleineconscience.brussels\/index.php\/wp-json\/wp\/v2\/pages\/29\/revisions"}],"predecessor-version":[{"id":98,"href":"https:\/\/pleineconscience.brussels\/index.php\/wp-json\/wp\/v2\/pages\/29\/revisions\/98"}],"wp:attachment":[{"href":"https:\/\/pleineconscience.brussels\/index.php\/wp-json\/wp\/v2\/media?parent=29"}],"curies":[{"name":"wp","href":"https:\/\/api.w.org\/{rel}","templated":true}]}}